{"id":125,"date":"2018-05-31T15:50:51","date_gmt":"2018-05-31T13:50:51","guid":{"rendered":"https:\/\/yogaryam.com\/?page_id=125"},"modified":"2020-08-11T17:41:37","modified_gmt":"2020-08-11T15:41:37","slug":"yoga-adulte","status":"publish","type":"page","link":"https:\/\/yogaryam.com\/index.php\/yoga-adulte\/","title":{"rendered":"Yoga Adultes"},"content":{"rendered":"<p style=\"text-align: center;\"><span style=\"color: #333399;\"><strong>VOUS ETES UNIQUE, VOTRE YOGA AUSSI&#8230; TROUVEZ VOTRE YOGA<\/strong><\/span><\/p>\n<p><span style=\"color: #000080;\">Yoga en sanskrit signifie \u00ab\u00a0<strong>union<\/strong>\u00a0\u00bb , \u00ab\u00a0<strong>libert\u00e9<\/strong>\u00a0\u00bb . L&rsquo;<strong>union<\/strong> avec soi m\u00eame, son environnement&#8230; c&rsquo;est aussi l&rsquo;acc\u00e8s \u00e0 la <strong>libert\u00e9. <\/strong>Se lib\u00e9rer de nos contraintes par la conscience. Le yoga pratiqu\u00e9 dans nos s\u00e9ances apporte concentration,\u00a0 d\u00e9tente,\u00a0 meilleure estime et connaissance de soi, gestion du stress et, plus largement, il am\u00e9liore la qualit\u00e9 de vie en g\u00e9n\u00e9ral.<\/span><\/p>\n<p><span style=\"color: #000080;\">Notre yoga se r\u00e9f\u00e8re au Yoga Sutra de Pantajali . Au chapitre 1.2 . <span style=\"color: #ff0000;\"><em>Yoga<\/em> citta <em>vritti nirodha, <\/em><\/span>ou l\u2019arr\u00eat automatique de nos pens\u00e9es. Notre pratique conjugue\u00a0 respiration et postures , apportant ainsi l&rsquo;apaisement au mental, dans le respect des possibilit\u00e9s de chaque pratiquant.<\/span><\/p>\n<div id='gallery-1' class='gallery galleryid-125 gallery-columns-3 gallery-size-thumbnail'><figure class='gallery-item'>\n\t\t\t<div class='gallery-icon landscape'>\n\t\t\t\t<a href='https:\/\/yogaryam.com\/olympus-digital-camera-2\/'><img decoding=\"async\" width=\"150\" height=\"150\" src=\"https:\/\/yogaryam.com\/wp-content\/uploads\/2018\/06\/yoga-adulte-1-150x150.jpg\" class=\"attachment-thumbnail size-thumbnail\" alt=\"\" srcset=\"https:\/\/yogaryam.com\/wp-content\/uploads\/2018\/06\/yoga-adulte-1-150x150.jpg 150w, https:\/\/yogaryam.com\/wp-content\/uploads\/2018\/06\/yoga-adulte-1-100x100.jpg 100w\" sizes=\"100vw\" \/><\/a>\n\t\t\t<\/div><\/figure><figure class='gallery-item'>\n\t\t\t<div class='gallery-icon landscape'>\n\t\t\t\t<a href='https:\/\/yogaryam.com\/olympus-digital-camera-3\/'><img decoding=\"async\" width=\"150\" height=\"150\" src=\"https:\/\/yogaryam.com\/wp-content\/uploads\/2018\/06\/yoga-adule2-150x150.jpg\" class=\"attachment-thumbnail size-thumbnail\" alt=\"\" srcset=\"https:\/\/yogaryam.com\/wp-content\/uploads\/2018\/06\/yoga-adule2-150x150.jpg 150w, https:\/\/yogaryam.com\/wp-content\/uploads\/2018\/06\/yoga-adule2-100x100.jpg 100w\" sizes=\"100vw\" \/><\/a>\n\t\t\t<\/div><\/figure><figure class='gallery-item'>\n\t\t\t<div class='gallery-icon landscape'>\n\t\t\t\t<a href='https:\/\/yogaryam.com\/olympus-digital-camera-4\/'><img decoding=\"async\" width=\"150\" height=\"150\" src=\"https:\/\/yogaryam.com\/wp-content\/uploads\/2018\/06\/yoga-adulte-3-150x150.jpg\" class=\"attachment-thumbnail size-thumbnail\" alt=\"\" srcset=\"https:\/\/yogaryam.com\/wp-content\/uploads\/2018\/06\/yoga-adulte-3-150x150.jpg 150w, https:\/\/yogaryam.com\/wp-content\/uploads\/2018\/06\/yoga-adulte-3-100x100.jpg 100w\" sizes=\"100vw\" \/><\/a>\n\t\t\t<\/div><\/figure><figure class='gallery-item'>\n\t\t\t<div class='gallery-icon portrait'>\n\t\t\t\t<a href='https:\/\/yogaryam.com\/yoga-adulte-2\/'><img loading=\"lazy\" decoding=\"async\" width=\"150\" height=\"150\" src=\"https:\/\/yogaryam.com\/wp-content\/uploads\/2018\/06\/yoga-adulte--150x150.jpg\" class=\"attachment-thumbnail size-thumbnail\" alt=\"\" srcset=\"https:\/\/yogaryam.com\/wp-content\/uploads\/2018\/06\/yoga-adulte--150x150.jpg 150w, https:\/\/yogaryam.com\/wp-content\/uploads\/2018\/06\/yoga-adulte--100x100.jpg 100w\" sizes=\"100vw\" \/><\/a>\n\t\t\t<\/div><\/figure><figure class='gallery-item'>\n\t\t\t<div class='gallery-icon landscape'>\n\t\t\t\t<a href='https:\/\/yogaryam.com\/1-lumiere\/'><img loading=\"lazy\" decoding=\"async\" width=\"150\" height=\"150\" src=\"https:\/\/yogaryam.com\/wp-content\/uploads\/2018\/06\/1-lumi\u00e8re-150x150.jpg\" class=\"attachment-thumbnail size-thumbnail\" alt=\"\" srcset=\"https:\/\/yogaryam.com\/wp-content\/uploads\/2018\/06\/1-lumi\u00e8re-150x150.jpg 150w, https:\/\/yogaryam.com\/wp-content\/uploads\/2018\/06\/1-lumi\u00e8re-100x100.jpg 100w\" sizes=\"100vw\" \/><\/a>\n\t\t\t<\/div><\/figure><figure class='gallery-item'>\n\t\t\t<div class='gallery-icon landscape'>\n\t\t\t\t<a href='https:\/\/yogaryam.com\/pour-fond-cours-adulte\/'><img loading=\"lazy\" decoding=\"async\" width=\"150\" height=\"150\" src=\"https:\/\/yogaryam.com\/wp-content\/uploads\/2018\/06\/pour-Fond-Cours-adulte-150x150.jpg\" class=\"attachment-thumbnail size-thumbnail\" alt=\"\" srcset=\"https:\/\/yogaryam.com\/wp-content\/uploads\/2018\/06\/pour-Fond-Cours-adulte-150x150.jpg 150w, https:\/\/yogaryam.com\/wp-content\/uploads\/2018\/06\/pour-Fond-Cours-adulte-100x100.jpg 100w\" sizes=\"100vw\" \/><\/a>\n\t\t\t<\/div><\/figure>\n\t\t<\/div>\n\n<p style=\"text-align: center;\"><span style=\"color: #333399;\">\u00ab\u00a0Que mon discours refl\u00e8te et s&rsquo;accorde \u00e0 mon esprit ;<\/span><\/p>\n<p style=\"text-align: center;\"><span style=\"color: #333399;\">Que mon esprit refl\u00e8te mon discours\u00a0\u00bb<\/span><\/p>\n<p style=\"text-align: center;\"><span style=\"color: #333399;\">Aitareya Upanisad &#8211; Upanisad du Sage Aitereya<\/span><\/p>\n<p><span style=\"color: #333399;\"><em>Les\u00a0Upanisads sont des textes en prose ou en vers, \u00e9crits par les Rsi dont la beaut\u00e9 refl\u00e8te la pens\u00e9e intuitive.<\/em><\/span><\/p>\n","protected":false},"excerpt":{"rendered":"<p>VOUS ETES UNIQUE, VOTRE YOGA AUSSI&#8230; TROUVEZ VOTRE YOGA Yoga en sanskrit signifie \u00ab\u00a0union\u00a0\u00bb , \u00ab\u00a0libert\u00e9\u00a0\u00bb . L&rsquo;union avec soi m\u00eame, son environnement&#8230; c&rsquo;est aussi l&rsquo;acc\u00e8s \u00e0 la libert\u00e9. Se &hellip; <\/p>\n<p class=\"link-more\"><a href=\"https:\/\/yogaryam.com\/index.php\/yoga-adulte\/\" class=\"more-link\">Continuer la lecture<span class=\"screen-reader-text\"> de &laquo;&nbsp;Yoga Adultes&nbsp;&raquo;<\/span><\/a><\/p>\n","protected":false},"author":2,"featured_media":158,"parent":0,"menu_order":0,"comment_status":"closed","ping_status":"closed","template":"","meta":{"footnotes":""},"class_list":["post-125","page","type-page","status-publish","has-post-thumbnail","hentry"],"yoast_head":"<!-- This site is optimized with the Yoast SEO plugin v25.7 - https:\/\/yoast.com\/wordpress\/plugins\/seo\/ -->\n<title>Yoga Adultes - Yoga<\/title>\n<meta name=\"robots\" content=\"index, follow, max-snippet:-1, max-image-preview:large, max-video-preview:-1\" \/>\n<link rel=\"canonical\" href=\"https:\/\/yogaryam.com\/index.php\/yoga-adulte\/\" \/>\n<meta property=\"og:locale\" content=\"fr_FR\" \/>\n<meta property=\"og:type\" content=\"article\" \/>\n<meta property=\"og:title\" content=\"Yoga Adultes - Yoga\" \/>\n<meta property=\"og:description\" content=\"VOUS ETES UNIQUE, VOTRE YOGA AUSSI&#8230; TROUVEZ VOTRE YOGA Yoga en sanskrit signifie \u00ab\u00a0union\u00a0\u00bb , \u00ab\u00a0libert\u00e9\u00a0\u00bb . L&rsquo;union avec soi m\u00eame, son environnement&#8230; c&rsquo;est aussi l&rsquo;acc\u00e8s \u00e0 la libert\u00e9. Se &hellip; Continuer la lecture de &laquo;&nbsp;Yoga Adultes&nbsp;&raquo;\" \/>\n<meta property=\"og:url\" content=\"https:\/\/yogaryam.com\/index.php\/yoga-adulte\/\" \/>\n<meta property=\"og:site_name\" content=\"Yoga\" \/>\n<meta property=\"article:publisher\" content=\"https:\/\/www.facebook.com\/yogaryam\/\" \/>\n<meta property=\"article:modified_time\" content=\"2020-08-11T15:41:37+00:00\" \/>\n<meta property=\"og:image\" content=\"https:\/\/yogaryam.com\/wp-content\/uploads\/2018\/06\/pour-Fond-Cours-adulte-1024x724.jpg\" \/>\n\t<meta property=\"og:image:width\" content=\"1024\" \/>\n\t<meta property=\"og:image:height\" content=\"724\" \/>\n\t<meta property=\"og:image:type\" content=\"image\/jpeg\" \/>\n<meta name=\"twitter:card\" content=\"summary_large_image\" \/>\n<meta name=\"twitter:label1\" content=\"Dur\u00e9e de lecture estim\u00e9e\" \/>\n\t<meta name=\"twitter:data1\" content=\"1 minute\" \/>\n<script type=\"application\/ld+json\" class=\"yoast-schema-graph\">{\"@context\":\"https:\/\/schema.org\",\"@graph\":[{\"@type\":\"WebPage\",\"@id\":\"https:\/\/yogaryam.com\/index.php\/yoga-adulte\/\",\"url\":\"https:\/\/yogaryam.com\/index.php\/yoga-adulte\/\",\"name\":\"Yoga Adultes - Yoga\",\"isPartOf\":{\"@id\":\"https:\/\/yogaryam.com\/#website\"},\"primaryImageOfPage\":{\"@id\":\"https:\/\/yogaryam.com\/index.php\/yoga-adulte\/#primaryimage\"},\"image\":{\"@id\":\"https:\/\/yogaryam.com\/index.php\/yoga-adulte\/#primaryimage\"},\"thumbnailUrl\":\"https:\/\/yogaryam.com\/wp-content\/uploads\/2018\/06\/pour-Fond-Cours-adulte.jpg\",\"datePublished\":\"2018-05-31T13:50:51+00:00\",\"dateModified\":\"2020-08-11T15:41:37+00:00\",\"breadcrumb\":{\"@id\":\"https:\/\/yogaryam.com\/index.php\/yoga-adulte\/#breadcrumb\"},\"inLanguage\":\"fr-FR\",\"potentialAction\":[{\"@type\":\"ReadAction\",\"target\":[\"https:\/\/yogaryam.com\/index.php\/yoga-adulte\/\"]}]},{\"@type\":\"ImageObject\",\"inLanguage\":\"fr-FR\",\"@id\":\"https:\/\/yogaryam.com\/index.php\/yoga-adulte\/#primaryimage\",\"url\":\"https:\/\/yogaryam.com\/wp-content\/uploads\/2018\/06\/pour-Fond-Cours-adulte.jpg\",\"contentUrl\":\"https:\/\/yogaryam.com\/wp-content\/uploads\/2018\/06\/pour-Fond-Cours-adulte.jpg\",\"width\":3672,\"height\":2596},{\"@type\":\"BreadcrumbList\",\"@id\":\"https:\/\/yogaryam.com\/index.php\/yoga-adulte\/#breadcrumb\",\"itemListElement\":[{\"@type\":\"ListItem\",\"position\":1,\"name\":\"Accueil\",\"item\":\"https:\/\/yogaryam.com\/\"},{\"@type\":\"ListItem\",\"position\":2,\"name\":\"Yoga Adultes\"}]},{\"@type\":\"WebSite\",\"@id\":\"https:\/\/yogaryam.com\/#website\",\"url\":\"https:\/\/yogaryam.com\/\",\"name\":\"Yoga\",\"description\":\"Faites une pause, Respirez\",\"publisher\":{\"@id\":\"https:\/\/yogaryam.com\/#organization\"},\"potentialAction\":[{\"@type\":\"SearchAction\",\"target\":{\"@type\":\"EntryPoint\",\"urlTemplate\":\"https:\/\/yogaryam.com\/?s={search_term_string}\"},\"query-input\":{\"@type\":\"PropertyValueSpecification\",\"valueRequired\":true,\"valueName\":\"search_term_string\"}}],\"inLanguage\":\"fr-FR\"},{\"@type\":\"Organization\",\"@id\":\"https:\/\/yogaryam.com\/#organization\",\"name\":\"yoga ryam\",\"url\":\"https:\/\/yogaryam.com\/\",\"logo\":{\"@type\":\"ImageObject\",\"inLanguage\":\"fr-FR\",\"@id\":\"https:\/\/yogaryam.com\/#\/schema\/logo\/image\/\",\"url\":\"https:\/\/yogaryam.com\/wp-content\/uploads\/2019\/09\/logo_bg_round.png\",\"contentUrl\":\"https:\/\/yogaryam.com\/wp-content\/uploads\/2019\/09\/logo_bg_round.png\",\"width\":634,\"height\":612,\"caption\":\"yoga ryam\"},\"image\":{\"@id\":\"https:\/\/yogaryam.com\/#\/schema\/logo\/image\/\"},\"sameAs\":[\"https:\/\/www.facebook.com\/yogaryam\/\"]}]}<\/script>\n<!-- \/ Yoast SEO plugin. -->","yoast_head_json":{"title":"Yoga Adultes - Yoga","robots":{"index":"index","follow":"follow","max-snippet":"max-snippet:-1","max-image-preview":"max-image-preview:large","max-video-preview":"max-video-preview:-1"},"canonical":"https:\/\/yogaryam.com\/index.php\/yoga-adulte\/","og_locale":"fr_FR","og_type":"article","og_title":"Yoga Adultes - Yoga","og_description":"VOUS ETES UNIQUE, VOTRE YOGA AUSSI&#8230; TROUVEZ VOTRE YOGA Yoga en sanskrit signifie \u00ab\u00a0union\u00a0\u00bb , \u00ab\u00a0libert\u00e9\u00a0\u00bb . L&rsquo;union avec soi m\u00eame, son environnement&#8230; c&rsquo;est aussi l&rsquo;acc\u00e8s \u00e0 la libert\u00e9. Se &hellip; Continuer la lecture de &laquo;&nbsp;Yoga Adultes&nbsp;&raquo;","og_url":"https:\/\/yogaryam.com\/index.php\/yoga-adulte\/","og_site_name":"Yoga","article_publisher":"https:\/\/www.facebook.com\/yogaryam\/","article_modified_time":"2020-08-11T15:41:37+00:00","og_image":[{"width":1024,"height":724,"url":"https:\/\/yogaryam.com\/wp-content\/uploads\/2018\/06\/pour-Fond-Cours-adulte-1024x724.jpg","type":"image\/jpeg"}],"twitter_card":"summary_large_image","twitter_misc":{"Dur\u00e9e de lecture estim\u00e9e":"1 minute"},"schema":{"@context":"https:\/\/schema.org","@graph":[{"@type":"WebPage","@id":"https:\/\/yogaryam.com\/index.php\/yoga-adulte\/","url":"https:\/\/yogaryam.com\/index.php\/yoga-adulte\/","name":"Yoga Adultes - Yoga","isPartOf":{"@id":"https:\/\/yogaryam.com\/#website"},"primaryImageOfPage":{"@id":"https:\/\/yogaryam.com\/index.php\/yoga-adulte\/#primaryimage"},"image":{"@id":"https:\/\/yogaryam.com\/index.php\/yoga-adulte\/#primaryimage"},"thumbnailUrl":"https:\/\/yogaryam.com\/wp-content\/uploads\/2018\/06\/pour-Fond-Cours-adulte.jpg","datePublished":"2018-05-31T13:50:51+00:00","dateModified":"2020-08-11T15:41:37+00:00","breadcrumb":{"@id":"https:\/\/yogaryam.com\/index.php\/yoga-adulte\/#breadcrumb"},"inLanguage":"fr-FR","potentialAction":[{"@type":"ReadAction","target":["https:\/\/yogaryam.com\/index.php\/yoga-adulte\/"]}]},{"@type":"ImageObject","inLanguage":"fr-FR","@id":"https:\/\/yogaryam.com\/index.php\/yoga-adulte\/#primaryimage","url":"https:\/\/yogaryam.com\/wp-content\/uploads\/2018\/06\/pour-Fond-Cours-adulte.jpg","contentUrl":"https:\/\/yogaryam.com\/wp-content\/uploads\/2018\/06\/pour-Fond-Cours-adulte.jpg","width":3672,"height":2596},{"@type":"BreadcrumbList","@id":"https:\/\/yogaryam.com\/index.php\/yoga-adulte\/#breadcrumb","itemListElement":[{"@type":"ListItem","position":1,"name":"Accueil","item":"https:\/\/yogaryam.com\/"},{"@type":"ListItem","position":2,"name":"Yoga Adultes"}]},{"@type":"WebSite","@id":"https:\/\/yogaryam.com\/#website","url":"https:\/\/yogaryam.com\/","name":"Yoga","description":"Faites une pause, Respirez","publisher":{"@id":"https:\/\/yogaryam.com\/#organization"},"potentialAction":[{"@type":"SearchAction","target":{"@type":"EntryPoint","urlTemplate":"https:\/\/yogaryam.com\/?s={search_term_string}"},"query-input":{"@type":"PropertyValueSpecification","valueRequired":true,"valueName":"search_term_string"}}],"inLanguage":"fr-FR"},{"@type":"Organization","@id":"https:\/\/yogaryam.com\/#organization","name":"yoga ryam","url":"https:\/\/yogaryam.com\/","logo":{"@type":"ImageObject","inLanguage":"fr-FR","@id":"https:\/\/yogaryam.com\/#\/schema\/logo\/image\/","url":"https:\/\/yogaryam.com\/wp-content\/uploads\/2019\/09\/logo_bg_round.png","contentUrl":"https:\/\/yogaryam.com\/wp-content\/uploads\/2019\/09\/logo_bg_round.png","width":634,"height":612,"caption":"yoga ryam"},"image":{"@id":"https:\/\/yogaryam.com\/#\/schema\/logo\/image\/"},"sameAs":["https:\/\/www.facebook.com\/yogaryam\/"]}]}},"_links":{"self":[{"href":"https:\/\/yogaryam.com\/index.php\/wp-json\/wp\/v2\/pages\/125","targetHints":{"allow":["GET"]}}],"collection":[{"href":"https:\/\/yogaryam.com\/index.php\/wp-json\/wp\/v2\/pages"}],"about":[{"href":"https:\/\/yogaryam.com\/index.php\/wp-json\/wp\/v2\/types\/page"}],"author":[{"embeddable":true,"href":"https:\/\/yogaryam.com\/index.php\/wp-json\/wp\/v2\/users\/2"}],"replies":[{"embeddable":true,"href":"https:\/\/yogaryam.com\/index.php\/wp-json\/wp\/v2\/comments?post=125"}],"version-history":[{"count":13,"href":"https:\/\/yogaryam.com\/index.php\/wp-json\/wp\/v2\/pages\/125\/revisions"}],"predecessor-version":[{"id":1476,"href":"https:\/\/yogaryam.com\/index.php\/wp-json\/wp\/v2\/pages\/125\/revisions\/1476"}],"wp:featuredmedia":[{"embeddable":true,"href":"https:\/\/yogaryam.com\/index.php\/wp-json\/wp\/v2\/media\/158"}],"wp:attachment":[{"href":"https:\/\/yogaryam.com\/index.php\/wp-json\/wp\/v2\/media?parent=125"}],"curies":[{"name":"wp","href":"https:\/\/api.w.org\/{rel}","templated":true}]}}